{"id":907,"date":"2023-12-21T11:54:44","date_gmt":"2023-12-21T09:54:44","guid":{"rendered":"https:\/\/mattojulin.fi\/etusivu\/?post_type=product&#038;p=907"},"modified":"2023-12-21T11:55:37","modified_gmt":"2023-12-21T09:55:37","slug":"otava-beige","status":"publish","type":"product","link":"https:\/\/mattojulin.fi\/etusivu\/tuote\/otava-beige\/","title":{"rendered":"Otava Beige"},"content":{"rendered":"<p>Tukeva ja liukuestepohjattu bukleenukkapintainen k\u00e4yt\u00e4v\u00e4matto. Helppohoitoinen ja vesipest\u00e4v\u00e4.<\/p>\n<ul>\n<li>Materiaali: 100% Polypropeenia, pohja lateksia<\/li>\n<li>Paino: 1,6 kg\/m2<\/li>\n<li>Paksuus: 7 mm<\/li>\n<\/ul>\n<p>Saatavana olevat koot:<\/p>\n<ul>\n<li>80 cm leve\u00e4 rulla (mittatilaus)<\/li>\n<li>100 cm leve\u00e4 rulla (mittatilaus)<\/li>\n<li>80 x 50 cm<\/li>\n<li>80 x 150 cm<\/li>\n<li>80 x 200 cm<\/li>\n<li>80 x 250 cm<\/li>\n<li>80 x 300 cm<\/li>\n<li>133 cm py\u00f6re\u00e4<\/li>\n<li>133 x 195 cm<\/li>\n<li>160 x 230 cm<\/li>\n<\/ul>\n","protected":false},"excerpt":{"rendered":"<p>Tukeva ja liukuestepohjattu bukleenukkapintainen k\u00e4yt\u00e4v\u00e4matto. Helppohoitoinen ja vesipest\u00e4v\u00e4. Materiaali: 100% Polypropeenia, pohja lateksia Paino: 1,6 kg\/m2 Paksuus: 7 mm Saatavana olevat koot: 80 cm leve\u00e4 rulla (mittatilaus) 100 cm leve\u00e4 rulla (mittatilaus) 80 x 50 cm 80 x 150 cm 80 x 200 cm 80 x 250 cm 80 x 300 cm 133 cm py\u00f6re\u00e4 [&hellip;]<\/p>\n","protected":false},"featured_media":880,"template":"","meta":{"site-sidebar-layout":"default","site-content-layout":"","ast-site-content-layout":"default","site-content-style":"default","site-sidebar-style":"default","ast-global-header-display":"","ast-banner-title-visibility":"","ast-main-header-display":"","ast-hfb-above-header-display":"","ast-hfb-below-header-display":"","ast-hfb-mobile-header-display":"","site-post-title":"","ast-breadcrumbs-content":"","ast-featured-img":"","footer-sml-layout":"","ast-disable-related-posts":"","theme-transparent-header-meta":"default","adv-header-id-meta":"","stick-header-meta":"","header-above-stick-meta":"","header-main-stick-meta":"","header-below-stick-meta":"","astra-migrate-meta-layouts":"set","ast-page-background-enabled":"default","ast-page-background-meta":{"desktop":{"background-color":"var(--ast-global-color-4)","background-image":"","background-repeat":"repeat","background-position":"center center","background-size":"auto","background-attachment":"scroll","background-type":"","background-media":"","overlay-type":"","overlay-color":"","overlay-opacity":"","overlay-gradient":""},"tablet":{"background-color":"","background-image":"","background-repeat":"repeat","background-position":"center center","background-size":"auto","background-attachment":"scroll","background-type":"","background-media":"","overlay-type":"","overlay-color":"","overlay-opacity":"","overlay-gradient":""},"mobile":{"background-color":"","background-image":"","background-repeat":"repeat","background-position":"center center","background-size":"auto","background-attachment":"scroll","background-type":"","background-media":"","overlay-type":"","overlay-color":"","overlay-opacity":"","overlay-gradient":""}},"ast-content-background-meta":{"desktop":{"background-color":"var(--ast-global-color-5)","background-image":"","background-repeat":"repeat","background-position":"center center","background-size":"auto","background-attachment":"scroll","background-type":"","background-media":"","overlay-type":"","overlay-color":"","overlay-opacity":"","overlay-gradient":""},"tablet":{"background-color":"var(--ast-global-color-5)","background-image":"","background-repeat":"repeat","background-position":"center center","background-size":"auto","background-attachment":"scroll","background-type":"","background-media":"","overlay-type":"","overlay-color":"","overlay-opacity":"","overlay-gradient":""},"mobile":{"background-color":"var(--ast-global-color-5)","background-image":"","background-repeat":"repeat","background-position":"center center","background-size":"auto","background-attachment":"scroll","background-type":"","background-media":"","overlay-type":"","overlay-color":"","overlay-opacity":"","overlay-gradient":""}}},"product_brand":[],"product_cat":[44,22,26],"product_tag":[53,49,41],"class_list":{"0":"post-907","1":"product","2":"type-product","3":"status-publish","4":"has-post-thumbnail","6":"product_cat-bukleematot","7":"product_cat-irtomatot","8":"product_cat-kautavamatot","9":"product_tag-bukleematto","10":"product_tag-irtomatto","11":"product_tag-kaytavamatto","12":"desktop-align-left","13":"tablet-align-left","14":"mobile-align-left","16":"first","17":"instock","18":"shipping-taxable","19":"product-type-simple"},"jetpack_sharing_enabled":true,"_links":{"self":[{"href":"https:\/\/mattojulin.fi\/etusivu\/wp-json\/wp\/v2\/product\/907","targetHints":{"allow":["GET"]}}],"collection":[{"href":"https:\/\/mattojulin.fi\/etusivu\/wp-json\/wp\/v2\/product"}],"about":[{"href":"https:\/\/mattojulin.fi\/etusivu\/wp-json\/wp\/v2\/types\/product"}],"version-history":[{"count":1,"href":"https:\/\/mattojulin.fi\/etusivu\/wp-json\/wp\/v2\/product\/907\/revisions"}],"predecessor-version":[{"id":908,"href":"https:\/\/mattojulin.fi\/etusivu\/wp-json\/wp\/v2\/product\/907\/revisions\/908"}],"wp:featuredmedia":[{"embeddable":true,"href":"https:\/\/mattojulin.fi\/etusivu\/wp-json\/wp\/v2\/media\/880"}],"wp:attachment":[{"href":"https:\/\/mattojulin.fi\/etusivu\/wp-json\/wp\/v2\/media?parent=907"}],"wp:term":[{"taxonomy":"product_brand","embeddable":true,"href":"https:\/\/mattojulin.fi\/etusivu\/wp-json\/wp\/v2\/product_brand?post=907"},{"taxonomy":"product_cat","embeddable":true,"href":"https:\/\/mattojulin.fi\/etusivu\/wp-json\/wp\/v2\/product_cat?post=907"},{"taxonomy":"product_tag","embeddable":true,"href":"https:\/\/mattojulin.fi\/etusivu\/wp-json\/wp\/v2\/product_tag?post=907"}],"curies":[{"name":"wp","href":"https:\/\/api.w.org\/{rel}","templated":true}]}}