{"id":817,"date":"2023-12-19T14:39:39","date_gmt":"2023-12-19T12:39:39","guid":{"rendered":"https:\/\/mattojulin.fi\/etusivu\/?post_type=product&#038;p=817"},"modified":"2023-12-19T14:46:39","modified_gmt":"2023-12-19T12:46:39","slug":"pilke-beige","status":"publish","type":"product","link":"https:\/\/mattojulin.fi\/etusivu\/tuote\/pilke-beige\/","title":{"rendered":"Pilke Beige"},"content":{"rendered":"<p>Pilke on sile\u00e4ksi kudottu p\u00f6ly\u00e4m\u00e4t\u00f6n matto hillityll\u00e4 raitakuosilla. Pilke matto ei haalistu auringossa helposti ja kest\u00e4\u00e4 kosteutta joten se soveltuu my\u00f6s terassille tai parvekkeelle. Helppohoitoinen ja vesipest\u00e4v\u00e4 max. 30 astetta<\/p>\n<ul>\n<li>Materiaali: 100% Polypropeenia, pohjassa kevyt lateksik\u00e4sittely<\/li>\n<li>Paino: 1,5 kg\/m2<\/li>\n<li>Paksuus: 5\/10 mm<\/li>\n<\/ul>\n<p>Saatavana olevat koot:<\/p>\n<ul>\n<li>80 cm leve\u00e4 rulla<\/li>\n<li>120 x 170 cm<\/li>\n<li>140 x 200 cm<\/li>\n<li>160 x 230 cm<\/li>\n<li>200 x 290 cm<\/li>\n<\/ul>\n","protected":false},"excerpt":{"rendered":"<p>Pilke on sile\u00e4ksi kudottu p\u00f6ly\u00e4m\u00e4t\u00f6n matto hillityll\u00e4 raitakuosilla. Pilke matto ei haalistu auringossa helposti ja kest\u00e4\u00e4 kosteutta joten se soveltuu my\u00f6s terassille tai parvekkeelle. Helppohoitoinen ja vesipest\u00e4v\u00e4 max. 30 astetta Materiaali: 100% Polypropeenia, pohjassa kevyt lateksik\u00e4sittely Paino: 1,5 kg\/m2 Paksuus: 5\/10 mm Saatavana olevat koot: 80 cm leve\u00e4 rulla 120 x 170 cm 140 x [&hellip;]<\/p>\n","protected":false},"featured_media":816,"template":"","meta":{"site-sidebar-layout":"default","site-content-layout":"","ast-site-content-layout":"default","site-content-style":"default","site-sidebar-style":"default","ast-global-header-display":"","ast-banner-title-visibility":"","ast-main-header-display":"","ast-hfb-above-header-display":"","ast-hfb-below-header-display":"","ast-hfb-mobile-header-display":"","site-post-title":"","ast-breadcrumbs-content":"","ast-featured-img":"","footer-sml-layout":"","ast-disable-related-posts":"","theme-transparent-header-meta":"default","adv-header-id-meta":"","stick-header-meta":"","header-above-stick-meta":"","header-main-stick-meta":"","header-below-stick-meta":"","astra-migrate-meta-layouts":"set","ast-page-background-enabled":"default","ast-page-background-meta":{"desktop":{"background-color":"var(--ast-global-color-4)","background-image":"","background-repeat":"repeat","background-position":"center center","background-size":"auto","background-attachment":"scroll","background-type":"","background-media":"","overlay-type":"","overlay-color":"","overlay-opacity":"","overlay-gradient":""},"tablet":{"background-color":"","background-image":"","background-repeat":"repeat","background-position":"center center","background-size":"auto","background-attachment":"scroll","background-type":"","background-media":"","overlay-type":"","overlay-color":"","overlay-opacity":"","overlay-gradient":""},"mobile":{"background-color":"","background-image":"","background-repeat":"repeat","background-position":"center center","background-size":"auto","background-attachment":"scroll","background-type":"","background-media":"","overlay-type":"","overlay-color":"","overlay-opacity":"","overlay-gradient":""}},"ast-content-background-meta":{"desktop":{"background-color":"var(--ast-global-color-5)","background-image":"","background-repeat":"repeat","background-position":"center center","background-size":"auto","background-attachment":"scroll","background-type":"","background-media":"","overlay-type":"","overlay-color":"","overlay-opacity":"","overlay-gradient":""},"tablet":{"background-color":"var(--ast-global-color-5)","background-image":"","background-repeat":"repeat","background-position":"center center","background-size":"auto","background-attachment":"scroll","background-type":"","background-media":"","overlay-type":"","overlay-color":"","overlay-opacity":"","overlay-gradient":""},"mobile":{"background-color":"var(--ast-global-color-5)","background-image":"","background-repeat":"repeat","background-position":"center center","background-size":"auto","background-attachment":"scroll","background-type":"","background-media":"","overlay-type":"","overlay-color":"","overlay-opacity":"","overlay-gradient":""}}},"product_brand":[],"product_cat":[22,26,30,35],"product_tag":[49,41,42,45],"class_list":{"0":"post-817","1":"product","2":"type-product","3":"status-publish","4":"has-post-thumbnail","6":"product_cat-irtomatot","7":"product_cat-kautavamatot","8":"product_cat-sileaksi-kudotut-matot","9":"product_cat-terassimatot","10":"product_tag-irtomatto","11":"product_tag-kaytavamatto","12":"product_tag-sileaksi-kudottu","13":"product_tag-terassimatto","14":"desktop-align-left","15":"tablet-align-left","16":"mobile-align-left","18":"first","19":"instock","20":"shipping-taxable","21":"product-type-simple"},"jetpack_sharing_enabled":true,"_links":{"self":[{"href":"https:\/\/mattojulin.fi\/etusivu\/wp-json\/wp\/v2\/product\/817","targetHints":{"allow":["GET"]}}],"collection":[{"href":"https:\/\/mattojulin.fi\/etusivu\/wp-json\/wp\/v2\/product"}],"about":[{"href":"https:\/\/mattojulin.fi\/etusivu\/wp-json\/wp\/v2\/types\/product"}],"version-history":[{"count":1,"href":"https:\/\/mattojulin.fi\/etusivu\/wp-json\/wp\/v2\/product\/817\/revisions"}],"predecessor-version":[{"id":818,"href":"https:\/\/mattojulin.fi\/etusivu\/wp-json\/wp\/v2\/product\/817\/revisions\/818"}],"wp:featuredmedia":[{"embeddable":true,"href":"https:\/\/mattojulin.fi\/etusivu\/wp-json\/wp\/v2\/media\/816"}],"wp:attachment":[{"href":"https:\/\/mattojulin.fi\/etusivu\/wp-json\/wp\/v2\/media?parent=817"}],"wp:term":[{"taxonomy":"product_brand","embeddable":true,"href":"https:\/\/mattojulin.fi\/etusivu\/wp-json\/wp\/v2\/product_brand?post=817"},{"taxonomy":"product_cat","embeddable":true,"href":"https:\/\/mattojulin.fi\/etusivu\/wp-json\/wp\/v2\/product_cat?post=817"},{"taxonomy":"product_tag","embeddable":true,"href":"https:\/\/mattojulin.fi\/etusivu\/wp-json\/wp\/v2\/product_tag?post=817"}],"curies":[{"name":"wp","href":"https:\/\/api.w.org\/{rel}","templated":true}]}}