{"id":776,"date":"2023-12-19T12:57:52","date_gmt":"2023-12-19T10:57:52","guid":{"rendered":"https:\/\/mattojulin.fi\/etusivu\/?post_type=product&#038;p=776"},"modified":"2023-12-21T12:24:05","modified_gmt":"2023-12-21T10:24:05","slug":"alpi-pellava","status":"publish","type":"product","link":"https:\/\/mattojulin.fi\/etusivu\/tuote\/alpi-pellava\/","title":{"rendered":"Alpi Pellava"},"content":{"rendered":"<p>Alpi on sile\u00e4pintainen helppohoitoinen villamatto hillityll\u00e4 ja tyylikk\u00e4\u00e4ll\u00e4 kuosilla. Hoito: Imurointi , tuuletus ja tasovesipesu max. 30 astetta.<\/p>\n<ul>\n<li>Materiaali:\u00a0 100% Villaa, Pohjassa juuttia<\/li>\n<li>Paino: 2,2 kg\/m2<\/li>\n<li>Paksuus: 9 mm<\/li>\n<\/ul>\n<p>Saatavana olevat koot:<\/p>\n<ul>\n<li>80 cm leve\u00e4 rulla<\/li>\n<li>100 cm leve\u00e4 rulla<\/li>\n<li>80 x 150 cm<\/li>\n<li>80 x 200 cm<\/li>\n<li>80 x 250 cm<\/li>\n<li>80 x 300 cm<\/li>\n<li>133 x 200 cm<\/li>\n<li>160 x 230 cm<\/li>\n<li>200 x 300 cm<\/li>\n<li>240 x 340 cm<\/li>\n<\/ul>\n","protected":false},"excerpt":{"rendered":"<p>Alpi on sile\u00e4pintainen helppohoitoinen villamatto hillityll\u00e4 ja tyylikk\u00e4\u00e4ll\u00e4 kuosilla. Hoito: Imurointi , tuuletus ja tasovesipesu max. 30 astetta. Materiaali:\u00a0 100% Villaa, Pohjassa juuttia Paino: 2,2 kg\/m2 Paksuus: 9 mm Saatavana olevat koot: 80 cm leve\u00e4 rulla 100 cm leve\u00e4 rulla 80 x 150 cm 80 x 200 cm 80 x 250 cm 80 x 300 [&hellip;]<\/p>\n","protected":false},"featured_media":768,"template":"","meta":{"site-sidebar-layout":"default","site-content-layout":"","ast-site-content-layout":"default","site-content-style":"default","site-sidebar-style":"default","ast-global-header-display":"","ast-banner-title-visibility":"","ast-main-header-display":"","ast-hfb-above-header-display":"","ast-hfb-below-header-display":"","ast-hfb-mobile-header-display":"","site-post-title":"","ast-breadcrumbs-content":"","ast-featured-img":"","footer-sml-layout":"","ast-disable-related-posts":"","theme-transparent-header-meta":"default","adv-header-id-meta":"","stick-header-meta":"","header-above-stick-meta":"","header-main-stick-meta":"","header-below-stick-meta":"","astra-migrate-meta-layouts":"set","ast-page-background-enabled":"default","ast-page-background-meta":{"desktop":{"background-color":"var(--ast-global-color-4)","background-image":"","background-repeat":"repeat","background-position":"center center","background-size":"auto","background-attachment":"scroll","background-type":"","background-media":"","overlay-type":"","overlay-color":"","overlay-opacity":"","overlay-gradient":""},"tablet":{"background-color":"","background-image":"","background-repeat":"repeat","background-position":"center center","background-size":"auto","background-attachment":"scroll","background-type":"","background-media":"","overlay-type":"","overlay-color":"","overlay-opacity":"","overlay-gradient":""},"mobile":{"background-color":"","background-image":"","background-repeat":"repeat","background-position":"center center","background-size":"auto","background-attachment":"scroll","background-type":"","background-media":"","overlay-type":"","overlay-color":"","overlay-opacity":"","overlay-gradient":""}},"ast-content-background-meta":{"desktop":{"background-color":"var(--ast-global-color-5)","background-image":"","background-repeat":"repeat","background-position":"center center","background-size":"auto","background-attachment":"scroll","background-type":"","background-media":"","overlay-type":"","overlay-color":"","overlay-opacity":"","overlay-gradient":""},"tablet":{"background-color":"var(--ast-global-color-5)","background-image":"","background-repeat":"repeat","background-position":"center center","background-size":"auto","background-attachment":"scroll","background-type":"","background-media":"","overlay-type":"","overlay-color":"","overlay-opacity":"","overlay-gradient":""},"mobile":{"background-color":"var(--ast-global-color-5)","background-image":"","background-repeat":"repeat","background-position":"center center","background-size":"auto","background-attachment":"scroll","background-type":"","background-media":"","overlay-type":"","overlay-color":"","overlay-opacity":"","overlay-gradient":""}}},"product_brand":[],"product_cat":[22,26,31],"product_tag":[49,41,51],"class_list":{"0":"post-776","1":"product","2":"type-product","3":"status-publish","4":"has-post-thumbnail","6":"product_cat-irtomatot","7":"product_cat-kautavamatot","8":"product_cat-villamatot","9":"product_tag-irtomatto","10":"product_tag-kaytavamatto","11":"product_tag-villamatto","12":"desktop-align-left","13":"tablet-align-left","14":"mobile-align-left","16":"first","17":"instock","18":"shipping-taxable","19":"product-type-simple"},"jetpack_sharing_enabled":true,"_links":{"self":[{"href":"https:\/\/mattojulin.fi\/etusivu\/wp-json\/wp\/v2\/product\/776","targetHints":{"allow":["GET"]}}],"collection":[{"href":"https:\/\/mattojulin.fi\/etusivu\/wp-json\/wp\/v2\/product"}],"about":[{"href":"https:\/\/mattojulin.fi\/etusivu\/wp-json\/wp\/v2\/types\/product"}],"version-history":[{"count":1,"href":"https:\/\/mattojulin.fi\/etusivu\/wp-json\/wp\/v2\/product\/776\/revisions"}],"predecessor-version":[{"id":777,"href":"https:\/\/mattojulin.fi\/etusivu\/wp-json\/wp\/v2\/product\/776\/revisions\/777"}],"wp:featuredmedia":[{"embeddable":true,"href":"https:\/\/mattojulin.fi\/etusivu\/wp-json\/wp\/v2\/media\/768"}],"wp:attachment":[{"href":"https:\/\/mattojulin.fi\/etusivu\/wp-json\/wp\/v2\/media?parent=776"}],"wp:term":[{"taxonomy":"product_brand","embeddable":true,"href":"https:\/\/mattojulin.fi\/etusivu\/wp-json\/wp\/v2\/product_brand?post=776"},{"taxonomy":"product_cat","embeddable":true,"href":"https:\/\/mattojulin.fi\/etusivu\/wp-json\/wp\/v2\/product_cat?post=776"},{"taxonomy":"product_tag","embeddable":true,"href":"https:\/\/mattojulin.fi\/etusivu\/wp-json\/wp\/v2\/product_tag?post=776"}],"curies":[{"name":"wp","href":"https:\/\/api.w.org\/{rel}","templated":true}]}}