{"id":738,"date":"2023-12-15T16:24:11","date_gmt":"2023-12-15T14:24:11","guid":{"rendered":"https:\/\/mattojulin.fi\/etusivu\/?post_type=product&#038;p=738"},"modified":"2024-10-22T19:56:26","modified_gmt":"2024-10-22T17:56:26","slug":"royal-palace-sininen","status":"publish","type":"product","link":"https:\/\/mattojulin.fi\/etusivu\/tuote\/royal-palace-sininen\/","title":{"rendered":"Royal Palace Sininen"},"content":{"rendered":"<p>Royal Palace on kevyt viskoosimatto ajattomalla klassisella kuosilla.<\/p>\n<ul>\n<li>Materiaali:\u00a0 60% Viskoosia, 40% Puuvillaa<\/li>\n<\/ul>\n<p>Saatavana olevat koot:<\/p>\n<ul>\n<li>80 cm\u00a0 leve\u00e4 rulla<\/li>\n<li>67\u00a0 x 105 cm<\/li>\n<li>67 x 210 cm<\/li>\n<li>80 x 150 cm<\/li>\n<li>80 x 200 cm<\/li>\n<li>100 cm py\u00f6re\u00e4<\/li>\n<li>135 cm py\u00f6re\u00e4<\/li>\n<li>160 cm py\u00f6re\u00e4<\/li>\n<li>195 cm py\u00f6re\u00e4<\/li>\n<li>135 x 195 cm<\/li>\n<li>160 x 230 cm<\/li>\n<li>195 x 300 cm<\/li>\n<\/ul>\n","protected":false},"excerpt":{"rendered":"<p>Royal Palace on kevyt viskoosimatto ajattomalla klassisella kuosilla. Materiaali:\u00a0 60% Viskoosia, 40% Puuvillaa Saatavana olevat koot: 80 cm\u00a0 leve\u00e4 rulla 67\u00a0 x 105 cm 67 x 210 cm 80 x 150 cm 80 x 200 cm 100 cm py\u00f6re\u00e4 135 cm py\u00f6re\u00e4 160 cm py\u00f6re\u00e4 195 cm py\u00f6re\u00e4 135 x 195 cm 160 x 230 [&hellip;]<\/p>\n","protected":false},"featured_media":717,"template":"","meta":{"site-sidebar-layout":"default","site-content-layout":"","ast-site-content-layout":"default","site-content-style":"default","site-sidebar-style":"default","ast-global-header-display":"","ast-banner-title-visibility":"","ast-main-header-display":"","ast-hfb-above-header-display":"","ast-hfb-below-header-display":"","ast-hfb-mobile-header-display":"","site-post-title":"","ast-breadcrumbs-content":"","ast-featured-img":"","footer-sml-layout":"","ast-disable-related-posts":"","theme-transparent-header-meta":"default","adv-header-id-meta":"","stick-header-meta":"","header-above-stick-meta":"","header-main-stick-meta":"","header-below-stick-meta":"","astra-migrate-meta-layouts":"set","ast-page-background-enabled":"default","ast-page-background-meta":{"desktop":{"background-color":"var(--ast-global-color-4)","background-image":"","background-repeat":"repeat","background-position":"center center","background-size":"auto","background-attachment":"scroll","background-type":"","background-media":"","overlay-type":"","overlay-color":"","overlay-opacity":"","overlay-gradient":""},"tablet":{"background-color":"","background-image":"","background-repeat":"repeat","background-position":"center center","background-size":"auto","background-attachment":"scroll","background-type":"","background-media":"","overlay-type":"","overlay-color":"","overlay-opacity":"","overlay-gradient":""},"mobile":{"background-color":"","background-image":"","background-repeat":"repeat","background-position":"center center","background-size":"auto","background-attachment":"scroll","background-type":"","background-media":"","overlay-type":"","overlay-color":"","overlay-opacity":"","overlay-gradient":""}},"ast-content-background-meta":{"desktop":{"background-color":"var(--ast-global-color-5)","background-image":"","background-repeat":"repeat","background-position":"center center","background-size":"auto","background-attachment":"scroll","background-type":"","background-media":"","overlay-type":"","overlay-color":"","overlay-opacity":"","overlay-gradient":""},"tablet":{"background-color":"var(--ast-global-color-5)","background-image":"","background-repeat":"repeat","background-position":"center center","background-size":"auto","background-attachment":"scroll","background-type":"","background-media":"","overlay-type":"","overlay-color":"","overlay-opacity":"","overlay-gradient":""},"mobile":{"background-color":"var(--ast-global-color-5)","background-image":"","background-repeat":"repeat","background-position":"center center","background-size":"auto","background-attachment":"scroll","background-type":"","background-media":"","overlay-type":"","overlay-color":"","overlay-opacity":"","overlay-gradient":""}}},"product_brand":[],"product_cat":[22,26,28],"product_tag":[49,41,50],"class_list":{"0":"post-738","1":"product","2":"type-product","3":"status-publish","4":"has-post-thumbnail","6":"product_cat-irtomatot","7":"product_cat-kautavamatot","8":"product_cat-viskoosimatot","9":"product_tag-irtomatto","10":"product_tag-kaytavamatto","11":"product_tag-viskoosimatto","12":"desktop-align-left","13":"tablet-align-left","14":"mobile-align-left","16":"first","17":"instock","18":"shipping-taxable","19":"product-type-simple"},"jetpack_sharing_enabled":true,"_links":{"self":[{"href":"https:\/\/mattojulin.fi\/etusivu\/wp-json\/wp\/v2\/product\/738","targetHints":{"allow":["GET"]}}],"collection":[{"href":"https:\/\/mattojulin.fi\/etusivu\/wp-json\/wp\/v2\/product"}],"about":[{"href":"https:\/\/mattojulin.fi\/etusivu\/wp-json\/wp\/v2\/types\/product"}],"version-history":[{"count":1,"href":"https:\/\/mattojulin.fi\/etusivu\/wp-json\/wp\/v2\/product\/738\/revisions"}],"predecessor-version":[{"id":739,"href":"https:\/\/mattojulin.fi\/etusivu\/wp-json\/wp\/v2\/product\/738\/revisions\/739"}],"wp:featuredmedia":[{"embeddable":true,"href":"https:\/\/mattojulin.fi\/etusivu\/wp-json\/wp\/v2\/media\/717"}],"wp:attachment":[{"href":"https:\/\/mattojulin.fi\/etusivu\/wp-json\/wp\/v2\/media?parent=738"}],"wp:term":[{"taxonomy":"product_brand","embeddable":true,"href":"https:\/\/mattojulin.fi\/etusivu\/wp-json\/wp\/v2\/product_brand?post=738"},{"taxonomy":"product_cat","embeddable":true,"href":"https:\/\/mattojulin.fi\/etusivu\/wp-json\/wp\/v2\/product_cat?post=738"},{"taxonomy":"product_tag","embeddable":true,"href":"https:\/\/mattojulin.fi\/etusivu\/wp-json\/wp\/v2\/product_tag?post=738"}],"curies":[{"name":"wp","href":"https:\/\/api.w.org\/{rel}","templated":true}]}}