{"id":554,"date":"2023-12-13T15:36:13","date_gmt":"2023-12-13T13:36:13","guid":{"rendered":"https:\/\/mattojulin.fi\/etusivu\/?post_type=product&#038;p=554"},"modified":"2023-12-21T12:15:41","modified_gmt":"2023-12-21T10:15:41","slug":"vuono-harmaa","status":"publish","type":"product","link":"https:\/\/mattojulin.fi\/etusivu\/tuote\/vuono-harmaa\/","title":{"rendered":"Vuono Harmaa"},"content":{"rendered":"<p>Vuono on sile\u00e4ksi kudottu liukuestepohjattu matto, joka soveltuu hyvin kaikkiin kodin tiloihin kuten eteiseen, keitti\u00f6\u00f6n tai ruokap\u00f6yd\u00e4n alle. matto on p\u00f6ly\u00e4m\u00e4t\u00f6n, vesipest\u00e4v\u00e4 sek\u00e4 helposti puhdistettava.<\/p>\n<ul>\n<li>Materiaali: 100% Polypropeenia, pohja lateksia<\/li>\n<li>Paino: 1,7 kg\/m2<\/li>\n<li>Paksuus: noin 6mm<\/li>\n<\/ul>\n<p>Saatavana olevat koot:<\/p>\n<ul>\n<li>80 cm leve\u00e4 rulla<\/li>\n<li>100 cm leve\u00e4 rulla<\/li>\n<li>120 cm leve\u00e4 rulla<\/li>\n<li>133 cm py\u00f6re\u00e4<\/li>\n<li>160 cm py\u00f6re\u00e4<\/li>\n<li>133 x 190 cm<\/li>\n<li>160 x 230 cm<\/li>\n<li>200 x 285 cm<\/li>\n<\/ul>\n","protected":false},"excerpt":{"rendered":"<p>Vuono on sile\u00e4ksi kudottu liukuestepohjattu matto, joka soveltuu hyvin kaikkiin kodin tiloihin kuten eteiseen, keitti\u00f6\u00f6n tai ruokap\u00f6yd\u00e4n alle. matto on p\u00f6ly\u00e4m\u00e4t\u00f6n, vesipest\u00e4v\u00e4 sek\u00e4 helposti puhdistettava. Materiaali: 100% Polypropeenia, pohja lateksia Paino: 1,7 kg\/m2 Paksuus: noin 6mm Saatavana olevat koot: 80 cm leve\u00e4 rulla 100 cm leve\u00e4 rulla 120 cm leve\u00e4 rulla 133 cm py\u00f6re\u00e4 160 [&hellip;]<\/p>\n","protected":false},"featured_media":535,"template":"","meta":{"site-sidebar-layout":"default","site-content-layout":"","ast-site-content-layout":"default","site-content-style":"default","site-sidebar-style":"default","ast-global-header-display":"","ast-banner-title-visibility":"","ast-main-header-display":"","ast-hfb-above-header-display":"","ast-hfb-below-header-display":"","ast-hfb-mobile-header-display":"","site-post-title":"","ast-breadcrumbs-content":"","ast-featured-img":"","footer-sml-layout":"","ast-disable-related-posts":"","theme-transparent-header-meta":"default","adv-header-id-meta":"","stick-header-meta":"","header-above-stick-meta":"","header-main-stick-meta":"","header-below-stick-meta":"","astra-migrate-meta-layouts":"set","ast-page-background-enabled":"default","ast-page-background-meta":{"desktop":{"background-color":"var(--ast-global-color-4)","background-image":"","background-repeat":"repeat","background-position":"center center","background-size":"auto","background-attachment":"scroll","background-type":"","background-media":"","overlay-type":"","overlay-color":"","overlay-opacity":"","overlay-gradient":""},"tablet":{"background-color":"","background-image":"","background-repeat":"repeat","background-position":"center center","background-size":"auto","background-attachment":"scroll","background-type":"","background-media":"","overlay-type":"","overlay-color":"","overlay-opacity":"","overlay-gradient":""},"mobile":{"background-color":"","background-image":"","background-repeat":"repeat","background-position":"center center","background-size":"auto","background-attachment":"scroll","background-type":"","background-media":"","overlay-type":"","overlay-color":"","overlay-opacity":"","overlay-gradient":""}},"ast-content-background-meta":{"desktop":{"background-color":"var(--ast-global-color-5)","background-image":"","background-repeat":"repeat","background-position":"center center","background-size":"auto","background-attachment":"scroll","background-type":"","background-media":"","overlay-type":"","overlay-color":"","overlay-opacity":"","overlay-gradient":""},"tablet":{"background-color":"var(--ast-global-color-5)","background-image":"","background-repeat":"repeat","background-position":"center center","background-size":"auto","background-attachment":"scroll","background-type":"","background-media":"","overlay-type":"","overlay-color":"","overlay-opacity":"","overlay-gradient":""},"mobile":{"background-color":"var(--ast-global-color-5)","background-image":"","background-repeat":"repeat","background-position":"center center","background-size":"auto","background-attachment":"scroll","background-type":"","background-media":"","overlay-type":"","overlay-color":"","overlay-opacity":"","overlay-gradient":""}}},"product_brand":[],"product_cat":[22,26,30],"product_tag":[49,41,42],"class_list":{"0":"post-554","1":"product","2":"type-product","3":"status-publish","4":"has-post-thumbnail","6":"product_cat-irtomatot","7":"product_cat-kautavamatot","8":"product_cat-sileaksi-kudotut-matot","9":"product_tag-irtomatto","10":"product_tag-kaytavamatto","11":"product_tag-sileaksi-kudottu","12":"desktop-align-left","13":"tablet-align-left","14":"mobile-align-left","16":"first","17":"instock","18":"shipping-taxable","19":"product-type-simple"},"jetpack_sharing_enabled":true,"_links":{"self":[{"href":"https:\/\/mattojulin.fi\/etusivu\/wp-json\/wp\/v2\/product\/554","targetHints":{"allow":["GET"]}}],"collection":[{"href":"https:\/\/mattojulin.fi\/etusivu\/wp-json\/wp\/v2\/product"}],"about":[{"href":"https:\/\/mattojulin.fi\/etusivu\/wp-json\/wp\/v2\/types\/product"}],"version-history":[{"count":2,"href":"https:\/\/mattojulin.fi\/etusivu\/wp-json\/wp\/v2\/product\/554\/revisions"}],"predecessor-version":[{"id":561,"href":"https:\/\/mattojulin.fi\/etusivu\/wp-json\/wp\/v2\/product\/554\/revisions\/561"}],"wp:featuredmedia":[{"embeddable":true,"href":"https:\/\/mattojulin.fi\/etusivu\/wp-json\/wp\/v2\/media\/535"}],"wp:attachment":[{"href":"https:\/\/mattojulin.fi\/etusivu\/wp-json\/wp\/v2\/media?parent=554"}],"wp:term":[{"taxonomy":"product_brand","embeddable":true,"href":"https:\/\/mattojulin.fi\/etusivu\/wp-json\/wp\/v2\/product_brand?post=554"},{"taxonomy":"product_cat","embeddable":true,"href":"https:\/\/mattojulin.fi\/etusivu\/wp-json\/wp\/v2\/product_cat?post=554"},{"taxonomy":"product_tag","embeddable":true,"href":"https:\/\/mattojulin.fi\/etusivu\/wp-json\/wp\/v2\/product_tag?post=554"}],"curies":[{"name":"wp","href":"https:\/\/api.w.org\/{rel}","templated":true}]}}