{"id":2184,"date":"2025-09-03T10:57:37","date_gmt":"2025-09-03T08:57:37","guid":{"rendered":"https:\/\/mattojulin.fi\/etusivu\/?post_type=product&#038;p=2184"},"modified":"2025-09-03T10:57:37","modified_gmt":"2025-09-03T08:57:37","slug":"modena-vaaleanharmaa","status":"publish","type":"product","link":"https:\/\/mattojulin.fi\/etusivu\/tuote\/modena-vaaleanharmaa\/","title":{"rendered":"Modena Vaaleanharmaa"},"content":{"rendered":"<p>P\u00f6ly\u00e4m\u00e4t\u00f6n ja ajattoman tyylik\u00e4s plyysimatto. Soveltuu hyvin kodin oleskelutiloihin. Vesipest\u00e4v\u00e4 (30 astetta).<\/p>\n<ul>\n<li>Materiaali:\u00a0 100% Polyesteria, pohja sis\u00e4lt\u00e4\u00e4 juuttia ja lateksia.<\/li>\n<li>Paksuus: 17mm<\/li>\n<\/ul>\n<p>Saatavana olevat koot:<\/p>\n<ul>\n<li>67 x 115 cm<\/li>\n<li>80 x 150 cm<\/li>\n<li>133 x 190 cm<\/li>\n<li>160 x 230 cm<\/li>\n<li>200 x 285 cm<\/li>\n<\/ul>\n","protected":false},"excerpt":{"rendered":"<p>P\u00f6ly\u00e4m\u00e4t\u00f6n ja ajattoman tyylik\u00e4s plyysimatto. Soveltuu hyvin kodin oleskelutiloihin. Vesipest\u00e4v\u00e4 (30 astetta). Materiaali:\u00a0 100% Polyesteria, pohja sis\u00e4lt\u00e4\u00e4 juuttia ja lateksia. Paksuus: 17mm Saatavana olevat koot: 67 x 115 cm 80 x 150 cm 133 x 190 cm 160 x 230 cm 200 x 285 cm<\/p>\n","protected":false},"featured_media":2131,"template":"","meta":{"site-sidebar-layout":"default","site-content-layout":"","ast-site-content-layout":"default","site-content-style":"default","site-sidebar-style":"default","ast-global-header-display":"","ast-banner-title-visibility":"","ast-main-header-display":"","ast-hfb-above-header-display":"","ast-hfb-below-header-display":"","ast-hfb-mobile-header-display":"","site-post-title":"","ast-breadcrumbs-content":"","ast-featured-img":"","footer-sml-layout":"","ast-disable-related-posts":"","theme-transparent-header-meta":"default","adv-header-id-meta":"","stick-header-meta":"","header-above-stick-meta":"","header-main-stick-meta":"","header-below-stick-meta":"","astra-migrate-meta-layouts":"set","ast-page-background-enabled":"default","ast-page-background-meta":{"desktop":{"background-color":"var(--ast-global-color-4)","background-image":"","background-repeat":"repeat","background-position":"center center","background-size":"auto","background-attachment":"scroll","background-type":"","background-media":"","overlay-type":"","overlay-color":"","overlay-opacity":"","overlay-gradient":""},"tablet":{"background-color":"","background-image":"","background-repeat":"repeat","background-position":"center center","background-size":"auto","background-attachment":"scroll","background-type":"","background-media":"","overlay-type":"","overlay-color":"","overlay-opacity":"","overlay-gradient":""},"mobile":{"background-color":"","background-image":"","background-repeat":"repeat","background-position":"center center","background-size":"auto","background-attachment":"scroll","background-type":"","background-media":"","overlay-type":"","overlay-color":"","overlay-opacity":"","overlay-gradient":""}},"ast-content-background-meta":{"desktop":{"background-color":"var(--ast-global-color-5)","background-image":"","background-repeat":"repeat","background-position":"center center","background-size":"auto","background-attachment":"scroll","background-type":"","background-media":"","overlay-type":"","overlay-color":"","overlay-opacity":"","overlay-gradient":""},"tablet":{"background-color":"var(--ast-global-color-5)","background-image":"","background-repeat":"repeat","background-position":"center center","background-size":"auto","background-attachment":"scroll","background-type":"","background-media":"","overlay-type":"","overlay-color":"","overlay-opacity":"","overlay-gradient":""},"mobile":{"background-color":"var(--ast-global-color-5)","background-image":"","background-repeat":"repeat","background-position":"center center","background-size":"auto","background-attachment":"scroll","background-type":"","background-media":"","overlay-type":"","overlay-color":"","overlay-opacity":"","overlay-gradient":""}}},"product_brand":[],"product_cat":[22,29],"product_tag":[49,70,48],"class_list":{"0":"post-2184","1":"product","2":"type-product","3":"status-publish","4":"has-post-thumbnail","6":"product_cat-irtomatot","7":"product_cat-plyysimatot","8":"product_tag-irtomatto","9":"product_tag-nukkamatto","10":"product_tag-plyysimatto","11":"desktop-align-left","12":"tablet-align-left","13":"mobile-align-left","15":"first","16":"instock","17":"shipping-taxable","18":"product-type-simple"},"jetpack_sharing_enabled":true,"_links":{"self":[{"href":"https:\/\/mattojulin.fi\/etusivu\/wp-json\/wp\/v2\/product\/2184","targetHints":{"allow":["GET"]}}],"collection":[{"href":"https:\/\/mattojulin.fi\/etusivu\/wp-json\/wp\/v2\/product"}],"about":[{"href":"https:\/\/mattojulin.fi\/etusivu\/wp-json\/wp\/v2\/types\/product"}],"version-history":[{"count":1,"href":"https:\/\/mattojulin.fi\/etusivu\/wp-json\/wp\/v2\/product\/2184\/revisions"}],"predecessor-version":[{"id":2185,"href":"https:\/\/mattojulin.fi\/etusivu\/wp-json\/wp\/v2\/product\/2184\/revisions\/2185"}],"wp:featuredmedia":[{"embeddable":true,"href":"https:\/\/mattojulin.fi\/etusivu\/wp-json\/wp\/v2\/media\/2131"}],"wp:attachment":[{"href":"https:\/\/mattojulin.fi\/etusivu\/wp-json\/wp\/v2\/media?parent=2184"}],"wp:term":[{"taxonomy":"product_brand","embeddable":true,"href":"https:\/\/mattojulin.fi\/etusivu\/wp-json\/wp\/v2\/product_brand?post=2184"},{"taxonomy":"product_cat","embeddable":true,"href":"https:\/\/mattojulin.fi\/etusivu\/wp-json\/wp\/v2\/product_cat?post=2184"},{"taxonomy":"product_tag","embeddable":true,"href":"https:\/\/mattojulin.fi\/etusivu\/wp-json\/wp\/v2\/product_tag?post=2184"}],"curies":[{"name":"wp","href":"https:\/\/api.w.org\/{rel}","templated":true}]}}