{"id":1907,"date":"2024-10-22T19:32:16","date_gmt":"2024-10-22T17:32:16","guid":{"rendered":"https:\/\/mattojulin.fi\/etusivu\/?post_type=product&#038;p=1907"},"modified":"2024-10-22T19:32:17","modified_gmt":"2024-10-22T17:32:17","slug":"karo-musta-harmaa","status":"publish","type":"product","link":"https:\/\/mattojulin.fi\/etusivu\/tuote\/karo-musta-harmaa\/","title":{"rendered":"Karo Musta\/Harmaa"},"content":{"rendered":"<p>Karo on helppohoitoinen, p\u00f6ly\u00e4m\u00e4t\u00f6n ja liukuestepohjattu sile\u00e4ksi kudottu matto. Soveltuu hyvin k\u00e4yt\u00e4ville, eteiseen sek\u00e4 keitti\u00f6\u00f6n. Vesipest\u00e4v\u00e4 (30 astetta).<\/p>\n<ul>\n<li>Materiaali:\u00a0 100% Polypropeenia, lateksi pohja<\/li>\n<\/ul>\n<p>Saatavana olevat koot:<\/p>\n<ul>\n<li>80 cm rulla (omien mittojen mukaan)<\/li>\n<li>100 cm rulla (omien mittojen mukaan)<\/li>\n<\/ul>\n","protected":false},"excerpt":{"rendered":"<p>Karo on helppohoitoinen, p\u00f6ly\u00e4m\u00e4t\u00f6n ja liukuestepohjattu sile\u00e4ksi kudottu matto. Soveltuu hyvin k\u00e4yt\u00e4ville, eteiseen sek\u00e4 keitti\u00f6\u00f6n. Vesipest\u00e4v\u00e4 (30 astetta). Materiaali:\u00a0 100% Polypropeenia, lateksi pohja Saatavana olevat koot: 80 cm rulla (omien mittojen mukaan) 100 cm rulla (omien mittojen mukaan)<\/p>\n","protected":false},"featured_media":1658,"template":"","meta":{"site-sidebar-layout":"default","site-content-layout":"","ast-site-content-layout":"default","site-content-style":"default","site-sidebar-style":"default","ast-global-header-display":"","ast-banner-title-visibility":"","ast-main-header-display":"","ast-hfb-above-header-display":"","ast-hfb-below-header-display":"","ast-hfb-mobile-header-display":"","site-post-title":"","ast-breadcrumbs-content":"","ast-featured-img":"","footer-sml-layout":"","ast-disable-related-posts":"","theme-transparent-header-meta":"default","adv-header-id-meta":"","stick-header-meta":"","header-above-stick-meta":"","header-main-stick-meta":"","header-below-stick-meta":"","astra-migrate-meta-layouts":"set","ast-page-background-enabled":"default","ast-page-background-meta":{"desktop":{"background-color":"var(--ast-global-color-4)","background-image":"","background-repeat":"repeat","background-position":"center center","background-size":"auto","background-attachment":"scroll","background-type":"","background-media":"","overlay-type":"","overlay-color":"","overlay-opacity":"","overlay-gradient":""},"tablet":{"background-color":"","background-image":"","background-repeat":"repeat","background-position":"center center","background-size":"auto","background-attachment":"scroll","background-type":"","background-media":"","overlay-type":"","overlay-color":"","overlay-opacity":"","overlay-gradient":""},"mobile":{"background-color":"","background-image":"","background-repeat":"repeat","background-position":"center center","background-size":"auto","background-attachment":"scroll","background-type":"","background-media":"","overlay-type":"","overlay-color":"","overlay-opacity":"","overlay-gradient":""}},"ast-content-background-meta":{"desktop":{"background-color":"var(--ast-global-color-5)","background-image":"","background-repeat":"repeat","background-position":"center center","background-size":"auto","background-attachment":"scroll","background-type":"","background-media":"","overlay-type":"","overlay-color":"","overlay-opacity":"","overlay-gradient":""},"tablet":{"background-color":"var(--ast-global-color-5)","background-image":"","background-repeat":"repeat","background-position":"center center","background-size":"auto","background-attachment":"scroll","background-type":"","background-media":"","overlay-type":"","overlay-color":"","overlay-opacity":"","overlay-gradient":""},"mobile":{"background-color":"var(--ast-global-color-5)","background-image":"","background-repeat":"repeat","background-position":"center center","background-size":"auto","background-attachment":"scroll","background-type":"","background-media":"","overlay-type":"","overlay-color":"","overlay-opacity":"","overlay-gradient":""}}},"product_brand":[],"product_cat":[26],"product_tag":[41,66,42],"class_list":{"0":"post-1907","1":"product","2":"type-product","3":"status-publish","4":"has-post-thumbnail","6":"product_cat-kautavamatot","7":"product_tag-kaytavamatto","8":"product_tag-liukuestepohja","9":"product_tag-sileaksi-kudottu","10":"desktop-align-left","11":"tablet-align-left","12":"mobile-align-left","14":"first","15":"instock","16":"shipping-taxable","17":"product-type-simple"},"jetpack_sharing_enabled":true,"_links":{"self":[{"href":"https:\/\/mattojulin.fi\/etusivu\/wp-json\/wp\/v2\/product\/1907","targetHints":{"allow":["GET"]}}],"collection":[{"href":"https:\/\/mattojulin.fi\/etusivu\/wp-json\/wp\/v2\/product"}],"about":[{"href":"https:\/\/mattojulin.fi\/etusivu\/wp-json\/wp\/v2\/types\/product"}],"version-history":[{"count":1,"href":"https:\/\/mattojulin.fi\/etusivu\/wp-json\/wp\/v2\/product\/1907\/revisions"}],"predecessor-version":[{"id":1908,"href":"https:\/\/mattojulin.fi\/etusivu\/wp-json\/wp\/v2\/product\/1907\/revisions\/1908"}],"wp:featuredmedia":[{"embeddable":true,"href":"https:\/\/mattojulin.fi\/etusivu\/wp-json\/wp\/v2\/media\/1658"}],"wp:attachment":[{"href":"https:\/\/mattojulin.fi\/etusivu\/wp-json\/wp\/v2\/media?parent=1907"}],"wp:term":[{"taxonomy":"product_brand","embeddable":true,"href":"https:\/\/mattojulin.fi\/etusivu\/wp-json\/wp\/v2\/product_brand?post=1907"},{"taxonomy":"product_cat","embeddable":true,"href":"https:\/\/mattojulin.fi\/etusivu\/wp-json\/wp\/v2\/product_cat?post=1907"},{"taxonomy":"product_tag","embeddable":true,"href":"https:\/\/mattojulin.fi\/etusivu\/wp-json\/wp\/v2\/product_tag?post=1907"}],"curies":[{"name":"wp","href":"https:\/\/api.w.org\/{rel}","templated":true}]}}