{"id":1839,"date":"2024-10-22T13:55:06","date_gmt":"2024-10-22T11:55:06","guid":{"rendered":"https:\/\/mattojulin.fi\/etusivu\/?post_type=product&#038;p=1839"},"modified":"2024-10-22T13:58:09","modified_gmt":"2024-10-22T11:58:09","slug":"roihu-beige","status":"publish","type":"product","link":"https:\/\/mattojulin.fi\/etusivu\/tuote\/roihu-beige\/","title":{"rendered":"Roihu Beige"},"content":{"rendered":"<p>Roihu on miellytt\u00e4v\u00e4n pehme\u00e4 ja p\u00f6ly\u00e4m\u00e4t\u00f6n lyhytnukkainen matto joka soveltuu mainiosti niin olohuoneeseen, makuuhuoneeseen kuin lastenhuoneeseen. Roihu on vesipest\u00e4v\u00e4 (30 astetta) sek\u00e4 helppohoitoinen.<\/p>\n<ul>\n<li>Materiaali: 100% Polyesteri, huopapohja<\/li>\n<li>Paksuus 12 mm<\/li>\n<\/ul>\n<p>Saatavana olevat koot:<\/p>\n<ul>\n<li>60 x 115 cm<\/li>\n<li>80 x 150 cm<\/li>\n<li>140 x 200 cm<\/li>\n<li>160 x 230 cm<\/li>\n<li>200 x 290 cm<\/li>\n<li>240 x 340 cm<\/li>\n<\/ul>\n","protected":false},"excerpt":{"rendered":"<p>Roihu on miellytt\u00e4v\u00e4n pehme\u00e4 ja p\u00f6ly\u00e4m\u00e4t\u00f6n lyhytnukkainen matto joka soveltuu mainiosti niin olohuoneeseen, makuuhuoneeseen kuin lastenhuoneeseen. Roihu on vesipest\u00e4v\u00e4 (30 astetta) sek\u00e4 helppohoitoinen. Materiaali: 100% Polyesteri, huopapohja Paksuus 12 mm Saatavana olevat koot: 60 x 115 cm 80 x 150 cm 140 x 200 cm 160 x 230 cm 200 x 290 cm 240 x [&hellip;]<\/p>\n","protected":false},"featured_media":1716,"template":"","meta":{"site-sidebar-layout":"default","site-content-layout":"","ast-site-content-layout":"default","site-content-style":"default","site-sidebar-style":"default","ast-global-header-display":"","ast-banner-title-visibility":"","ast-main-header-display":"","ast-hfb-above-header-display":"","ast-hfb-below-header-display":"","ast-hfb-mobile-header-display":"","site-post-title":"","ast-breadcrumbs-content":"","ast-featured-img":"","footer-sml-layout":"","ast-disable-related-posts":"","theme-transparent-header-meta":"default","adv-header-id-meta":"","stick-header-meta":"","header-above-stick-meta":"","header-main-stick-meta":"","header-below-stick-meta":"","astra-migrate-meta-layouts":"set","ast-page-background-enabled":"default","ast-page-background-meta":{"desktop":{"background-color":"var(--ast-global-color-4)","background-image":"","background-repeat":"repeat","background-position":"center center","background-size":"auto","background-attachment":"scroll","background-type":"","background-media":"","overlay-type":"","overlay-color":"","overlay-opacity":"","overlay-gradient":""},"tablet":{"background-color":"","background-image":"","background-repeat":"repeat","background-position":"center center","background-size":"auto","background-attachment":"scroll","background-type":"","background-media":"","overlay-type":"","overlay-color":"","overlay-opacity":"","overlay-gradient":""},"mobile":{"background-color":"","background-image":"","background-repeat":"repeat","background-position":"center center","background-size":"auto","background-attachment":"scroll","background-type":"","background-media":"","overlay-type":"","overlay-color":"","overlay-opacity":"","overlay-gradient":""}},"ast-content-background-meta":{"desktop":{"background-color":"var(--ast-global-color-5)","background-image":"","background-repeat":"repeat","background-position":"center center","background-size":"auto","background-attachment":"scroll","background-type":"","background-media":"","overlay-type":"","overlay-color":"","overlay-opacity":"","overlay-gradient":""},"tablet":{"background-color":"var(--ast-global-color-5)","background-image":"","background-repeat":"repeat","background-position":"center center","background-size":"auto","background-attachment":"scroll","background-type":"","background-media":"","overlay-type":"","overlay-color":"","overlay-opacity":"","overlay-gradient":""},"mobile":{"background-color":"var(--ast-global-color-5)","background-image":"","background-repeat":"repeat","background-position":"center center","background-size":"auto","background-attachment":"scroll","background-type":"","background-media":"","overlay-type":"","overlay-color":"","overlay-opacity":"","overlay-gradient":""}}},"product_brand":[],"product_cat":[22,29],"product_tag":[49,48],"class_list":{"0":"post-1839","1":"product","2":"type-product","3":"status-publish","4":"has-post-thumbnail","6":"product_cat-irtomatot","7":"product_cat-plyysimatot","8":"product_tag-irtomatto","9":"product_tag-plyysimatto","10":"desktop-align-left","11":"tablet-align-left","12":"mobile-align-left","14":"first","15":"instock","16":"shipping-taxable","17":"product-type-simple"},"jetpack_sharing_enabled":true,"_links":{"self":[{"href":"https:\/\/mattojulin.fi\/etusivu\/wp-json\/wp\/v2\/product\/1839","targetHints":{"allow":["GET"]}}],"collection":[{"href":"https:\/\/mattojulin.fi\/etusivu\/wp-json\/wp\/v2\/product"}],"about":[{"href":"https:\/\/mattojulin.fi\/etusivu\/wp-json\/wp\/v2\/types\/product"}],"version-history":[{"count":2,"href":"https:\/\/mattojulin.fi\/etusivu\/wp-json\/wp\/v2\/product\/1839\/revisions"}],"predecessor-version":[{"id":1847,"href":"https:\/\/mattojulin.fi\/etusivu\/wp-json\/wp\/v2\/product\/1839\/revisions\/1847"}],"wp:featuredmedia":[{"embeddable":true,"href":"https:\/\/mattojulin.fi\/etusivu\/wp-json\/wp\/v2\/media\/1716"}],"wp:attachment":[{"href":"https:\/\/mattojulin.fi\/etusivu\/wp-json\/wp\/v2\/media?parent=1839"}],"wp:term":[{"taxonomy":"product_brand","embeddable":true,"href":"https:\/\/mattojulin.fi\/etusivu\/wp-json\/wp\/v2\/product_brand?post=1839"},{"taxonomy":"product_cat","embeddable":true,"href":"https:\/\/mattojulin.fi\/etusivu\/wp-json\/wp\/v2\/product_cat?post=1839"},{"taxonomy":"product_tag","embeddable":true,"href":"https:\/\/mattojulin.fi\/etusivu\/wp-json\/wp\/v2\/product_tag?post=1839"}],"curies":[{"name":"wp","href":"https:\/\/api.w.org\/{rel}","templated":true}]}}