{"id":1624,"date":"2024-10-18T00:30:30","date_gmt":"2024-10-17T22:30:30","guid":{"rendered":"https:\/\/mattojulin.fi\/etusivu\/?post_type=product&#038;p=1624"},"modified":"2024-10-18T00:30:31","modified_gmt":"2024-10-17T22:30:31","slug":"ruska-varikas","status":"publish","type":"product","link":"https:\/\/mattojulin.fi\/etusivu\/tuote\/ruska-varikas\/","title":{"rendered":"Ruska V\u00e4rik\u00e4s"},"content":{"rendered":"<p>Ruska on sile\u00e4ksi kudottu v\u00e4rik\u00e4s raitakuvioinen matto, joka soveltuu l\u00e4hes kaikkiin kodin tiloihin kuten eteiseen, keitti\u00f6\u00f6n tai ulkotiloihin kuten terassille. matto on p\u00f6ly\u00e4m\u00e4t\u00f6n, vesipest\u00e4v\u00e4 (30\u00b0C) sek\u00e4 helposti puhdistettava.<\/p>\n<ul>\n<li>Materiaali: 100% Polypropeenia, pohja lateksia<\/li>\n<li>Paksuus: noin 6mm<\/li>\n<\/ul>\n<p>Saatavana olevat koot:<\/p>\n<ul>\n<li>80 cm leve\u00e4 rulla (rullamatoista omien pituuksien mukaan)<\/li>\n<li>133 x 190 cm<\/li>\n<li>160 x 230 cm<\/li>\n<\/ul>\n","protected":false},"excerpt":{"rendered":"<p>Ruska on sile\u00e4ksi kudottu v\u00e4rik\u00e4s raitakuvioinen matto, joka soveltuu l\u00e4hes kaikkiin kodin tiloihin kuten eteiseen, keitti\u00f6\u00f6n tai ulkotiloihin kuten terassille. matto on p\u00f6ly\u00e4m\u00e4t\u00f6n, vesipest\u00e4v\u00e4 (30\u00b0C) sek\u00e4 helposti puhdistettava. Materiaali: 100% Polypropeenia, pohja lateksia Paksuus: noin 6mm Saatavana olevat koot: 80 cm leve\u00e4 rulla (rullamatoista omien pituuksien mukaan) 133 x 190 cm 160 x 230 cm<\/p>\n","protected":false},"featured_media":1606,"template":"","meta":{"site-sidebar-layout":"default","site-content-layout":"","ast-site-content-layout":"default","site-content-style":"default","site-sidebar-style":"default","ast-global-header-display":"","ast-banner-title-visibility":"","ast-main-header-display":"","ast-hfb-above-header-display":"","ast-hfb-below-header-display":"","ast-hfb-mobile-header-display":"","site-post-title":"","ast-breadcrumbs-content":"","ast-featured-img":"","footer-sml-layout":"","ast-disable-related-posts":"","theme-transparent-header-meta":"default","adv-header-id-meta":"","stick-header-meta":"","header-above-stick-meta":"","header-main-stick-meta":"","header-below-stick-meta":"","astra-migrate-meta-layouts":"set","ast-page-background-enabled":"default","ast-page-background-meta":{"desktop":{"background-color":"var(--ast-global-color-4)","background-image":"","background-repeat":"repeat","background-position":"center center","background-size":"auto","background-attachment":"scroll","background-type":"","background-media":"","overlay-type":"","overlay-color":"","overlay-opacity":"","overlay-gradient":""},"tablet":{"background-color":"","background-image":"","background-repeat":"repeat","background-position":"center center","background-size":"auto","background-attachment":"scroll","background-type":"","background-media":"","overlay-type":"","overlay-color":"","overlay-opacity":"","overlay-gradient":""},"mobile":{"background-color":"","background-image":"","background-repeat":"repeat","background-position":"center center","background-size":"auto","background-attachment":"scroll","background-type":"","background-media":"","overlay-type":"","overlay-color":"","overlay-opacity":"","overlay-gradient":""}},"ast-content-background-meta":{"desktop":{"background-color":"var(--ast-global-color-5)","background-image":"","background-repeat":"repeat","background-position":"center center","background-size":"auto","background-attachment":"scroll","background-type":"","background-media":"","overlay-type":"","overlay-color":"","overlay-opacity":"","overlay-gradient":""},"tablet":{"background-color":"var(--ast-global-color-5)","background-image":"","background-repeat":"repeat","background-position":"center center","background-size":"auto","background-attachment":"scroll","background-type":"","background-media":"","overlay-type":"","overlay-color":"","overlay-opacity":"","overlay-gradient":""},"mobile":{"background-color":"var(--ast-global-color-5)","background-image":"","background-repeat":"repeat","background-position":"center center","background-size":"auto","background-attachment":"scroll","background-type":"","background-media":"","overlay-type":"","overlay-color":"","overlay-opacity":"","overlay-gradient":""}}},"product_brand":[],"product_cat":[22,26,30,35],"product_tag":[49,41,42,45],"class_list":{"0":"post-1624","1":"product","2":"type-product","3":"status-publish","4":"has-post-thumbnail","6":"product_cat-irtomatot","7":"product_cat-kautavamatot","8":"product_cat-sileaksi-kudotut-matot","9":"product_cat-terassimatot","10":"product_tag-irtomatto","11":"product_tag-kaytavamatto","12":"product_tag-sileaksi-kudottu","13":"product_tag-terassimatto","14":"desktop-align-left","15":"tablet-align-left","16":"mobile-align-left","18":"first","19":"instock","20":"shipping-taxable","21":"product-type-simple"},"jetpack_sharing_enabled":true,"_links":{"self":[{"href":"https:\/\/mattojulin.fi\/etusivu\/wp-json\/wp\/v2\/product\/1624","targetHints":{"allow":["GET"]}}],"collection":[{"href":"https:\/\/mattojulin.fi\/etusivu\/wp-json\/wp\/v2\/product"}],"about":[{"href":"https:\/\/mattojulin.fi\/etusivu\/wp-json\/wp\/v2\/types\/product"}],"version-history":[{"count":1,"href":"https:\/\/mattojulin.fi\/etusivu\/wp-json\/wp\/v2\/product\/1624\/revisions"}],"predecessor-version":[{"id":1625,"href":"https:\/\/mattojulin.fi\/etusivu\/wp-json\/wp\/v2\/product\/1624\/revisions\/1625"}],"wp:featuredmedia":[{"embeddable":true,"href":"https:\/\/mattojulin.fi\/etusivu\/wp-json\/wp\/v2\/media\/1606"}],"wp:attachment":[{"href":"https:\/\/mattojulin.fi\/etusivu\/wp-json\/wp\/v2\/media?parent=1624"}],"wp:term":[{"taxonomy":"product_brand","embeddable":true,"href":"https:\/\/mattojulin.fi\/etusivu\/wp-json\/wp\/v2\/product_brand?post=1624"},{"taxonomy":"product_cat","embeddable":true,"href":"https:\/\/mattojulin.fi\/etusivu\/wp-json\/wp\/v2\/product_cat?post=1624"},{"taxonomy":"product_tag","embeddable":true,"href":"https:\/\/mattojulin.fi\/etusivu\/wp-json\/wp\/v2\/product_tag?post=1624"}],"curies":[{"name":"wp","href":"https:\/\/api.w.org\/{rel}","templated":true}]}}