{"id":1556,"date":"2024-10-17T10:35:30","date_gmt":"2024-10-17T08:35:30","guid":{"rendered":"https:\/\/mattojulin.fi\/etusivu\/?post_type=product&#038;p=1556"},"modified":"2024-10-17T10:38:49","modified_gmt":"2024-10-17T08:38:49","slug":"belinda-sininen","status":"publish","type":"product","link":"https:\/\/mattojulin.fi\/etusivu\/tuote\/belinda-sininen\/","title":{"rendered":"Belinda Sininen"},"content":{"rendered":"<p>Belinda on tukeva liukuestepohjattu matto kauniilla k\u00f6ynn\u00f6s kuvioinnilla, soveltuu hyvin eteisiin ja k\u00e4yt\u00e4ville. matto on helppohoitoinen, p\u00f6ly\u00e4m\u00e4t\u00f6n ja tasovesipest\u00e4v\u00e4(max 30. astetta).<\/p>\n<ul>\n<li>Materiaali: 100% Polypropeenia, pohja lateksia<\/li>\n<li>Paino: noin 1,65 kg\/m2<\/li>\n<li>Paksuus:\u00a0 noin 7mm<\/li>\n<\/ul>\n<p>Saatavana olevat koot:<\/p>\n<ul>\n<li>80 cm leve\u00e4n\u00e4 omien mittojen mukaan<\/li>\n<\/ul>\n","protected":false},"excerpt":{"rendered":"<p>Belinda on tukeva liukuestepohjattu matto kauniilla k\u00f6ynn\u00f6s kuvioinnilla, soveltuu hyvin eteisiin ja k\u00e4yt\u00e4ville. matto on helppohoitoinen, p\u00f6ly\u00e4m\u00e4t\u00f6n ja tasovesipest\u00e4v\u00e4(max 30. astetta). Materiaali: 100% Polypropeenia, pohja lateksia Paino: noin 1,65 kg\/m2 Paksuus:\u00a0 noin 7mm Saatavana olevat koot: 80 cm leve\u00e4n\u00e4 omien mittojen mukaan<\/p>\n","protected":false},"featured_media":1542,"template":"","meta":{"site-sidebar-layout":"default","site-content-layout":"","ast-site-content-layout":"default","site-content-style":"default","site-sidebar-style":"default","ast-global-header-display":"","ast-banner-title-visibility":"","ast-main-header-display":"","ast-hfb-above-header-display":"","ast-hfb-below-header-display":"","ast-hfb-mobile-header-display":"","site-post-title":"","ast-breadcrumbs-content":"","ast-featured-img":"","footer-sml-layout":"","ast-disable-related-posts":"","theme-transparent-header-meta":"default","adv-header-id-meta":"","stick-header-meta":"","header-above-stick-meta":"","header-main-stick-meta":"","header-below-stick-meta":"","astra-migrate-meta-layouts":"set","ast-page-background-enabled":"default","ast-page-background-meta":{"desktop":{"background-color":"var(--ast-global-color-4)","background-image":"","background-repeat":"repeat","background-position":"center center","background-size":"auto","background-attachment":"scroll","background-type":"","background-media":"","overlay-type":"","overlay-color":"","overlay-opacity":"","overlay-gradient":""},"tablet":{"background-color":"","background-image":"","background-repeat":"repeat","background-position":"center center","background-size":"auto","background-attachment":"scroll","background-type":"","background-media":"","overlay-type":"","overlay-color":"","overlay-opacity":"","overlay-gradient":""},"mobile":{"background-color":"","background-image":"","background-repeat":"repeat","background-position":"center center","background-size":"auto","background-attachment":"scroll","background-type":"","background-media":"","overlay-type":"","overlay-color":"","overlay-opacity":"","overlay-gradient":""}},"ast-content-background-meta":{"desktop":{"background-color":"var(--ast-global-color-5)","background-image":"","background-repeat":"repeat","background-position":"center center","background-size":"auto","background-attachment":"scroll","background-type":"","background-media":"","overlay-type":"","overlay-color":"","overlay-opacity":"","overlay-gradient":""},"tablet":{"background-color":"var(--ast-global-color-5)","background-image":"","background-repeat":"repeat","background-position":"center center","background-size":"auto","background-attachment":"scroll","background-type":"","background-media":"","overlay-type":"","overlay-color":"","overlay-opacity":"","overlay-gradient":""},"mobile":{"background-color":"var(--ast-global-color-5)","background-image":"","background-repeat":"repeat","background-position":"center center","background-size":"auto","background-attachment":"scroll","background-type":"","background-media":"","overlay-type":"","overlay-color":"","overlay-opacity":"","overlay-gradient":""}}},"product_brand":[],"product_cat":[26],"product_tag":[],"class_list":{"0":"post-1556","1":"product","2":"type-product","3":"status-publish","4":"has-post-thumbnail","6":"product_cat-kautavamatot","7":"desktop-align-left","8":"tablet-align-left","9":"mobile-align-left","11":"first","12":"instock","13":"shipping-taxable","14":"product-type-simple"},"jetpack_sharing_enabled":true,"_links":{"self":[{"href":"https:\/\/mattojulin.fi\/etusivu\/wp-json\/wp\/v2\/product\/1556","targetHints":{"allow":["GET"]}}],"collection":[{"href":"https:\/\/mattojulin.fi\/etusivu\/wp-json\/wp\/v2\/product"}],"about":[{"href":"https:\/\/mattojulin.fi\/etusivu\/wp-json\/wp\/v2\/types\/product"}],"version-history":[{"count":2,"href":"https:\/\/mattojulin.fi\/etusivu\/wp-json\/wp\/v2\/product\/1556\/revisions"}],"predecessor-version":[{"id":1560,"href":"https:\/\/mattojulin.fi\/etusivu\/wp-json\/wp\/v2\/product\/1556\/revisions\/1560"}],"wp:featuredmedia":[{"embeddable":true,"href":"https:\/\/mattojulin.fi\/etusivu\/wp-json\/wp\/v2\/media\/1542"}],"wp:attachment":[{"href":"https:\/\/mattojulin.fi\/etusivu\/wp-json\/wp\/v2\/media?parent=1556"}],"wp:term":[{"taxonomy":"product_brand","embeddable":true,"href":"https:\/\/mattojulin.fi\/etusivu\/wp-json\/wp\/v2\/product_brand?post=1556"},{"taxonomy":"product_cat","embeddable":true,"href":"https:\/\/mattojulin.fi\/etusivu\/wp-json\/wp\/v2\/product_cat?post=1556"},{"taxonomy":"product_tag","embeddable":true,"href":"https:\/\/mattojulin.fi\/etusivu\/wp-json\/wp\/v2\/product_tag?post=1556"}],"curies":[{"name":"wp","href":"https:\/\/api.w.org\/{rel}","templated":true}]}}