{"id":1350,"date":"2024-02-16T11:59:23","date_gmt":"2024-02-16T09:59:23","guid":{"rendered":"https:\/\/mattojulin.fi\/etusivu\/?post_type=product&#038;p=1350"},"modified":"2024-02-16T12:03:38","modified_gmt":"2024-02-16T10:03:38","slug":"hilla-pellava","status":"publish","type":"product","link":"https:\/\/mattojulin.fi\/etusivu\/tuote\/hilla-pellava\/","title":{"rendered":"Hilla Pellava"},"content":{"rendered":"<p>Puuvillamatto modernilla ilmeell\u00e4. Tyylik\u00e4s ep\u00e4symmetrinen kuviointi<\/p>\n<ul>\n<li>Materiaali:\u00a0 Pinta 100% Puuvillaa<\/li>\n<li>Paksuus:\u00a0 5-8 mm (hapsupompulan paksuus 14 mm)<\/li>\n<li>Paino: 1,7 kg\/m2<\/li>\n<li>Hoito: Imurointi, tuuletus ja tarvittaessa vesipesu<\/li>\n<\/ul>\n<p>Saatavana olevat koot:<\/p>\n<ul>\n<li>60 x 120 cm<\/li>\n<li>80 x 150 cm<\/li>\n<li>80 x 200 cm<\/li>\n<li>80 x 250 cm<\/li>\n<li>80 x 300 cm<\/li>\n<li>120 x 170 cm<\/li>\n<li>140 x 200 cm<\/li>\n<li>160 x 230 cm<\/li>\n<\/ul>\n","protected":false},"excerpt":{"rendered":"<p>Puuvillamatto modernilla ilmeell\u00e4. Tyylik\u00e4s ep\u00e4symmetrinen kuviointi Materiaali:\u00a0 Pinta 100% Puuvillaa Paksuus:\u00a0 5-8 mm (hapsupompulan paksuus 14 mm) Paino: 1,7 kg\/m2 Hoito: Imurointi, tuuletus ja tarvittaessa vesipesu Saatavana olevat koot: 60 x 120 cm 80 x 150 cm 80 x 200 cm 80 x 250 cm 80 x 300 cm 120 x 170 cm 140 x [&hellip;]<\/p>\n","protected":false},"featured_media":1345,"template":"","meta":{"site-sidebar-layout":"default","site-content-layout":"","ast-site-content-layout":"default","site-content-style":"default","site-sidebar-style":"default","ast-global-header-display":"","ast-banner-title-visibility":"","ast-main-header-display":"","ast-hfb-above-header-display":"","ast-hfb-below-header-display":"","ast-hfb-mobile-header-display":"","site-post-title":"","ast-breadcrumbs-content":"","ast-featured-img":"","footer-sml-layout":"","ast-disable-related-posts":"","theme-transparent-header-meta":"default","adv-header-id-meta":"","stick-header-meta":"","header-above-stick-meta":"","header-main-stick-meta":"","header-below-stick-meta":"","astra-migrate-meta-layouts":"set","ast-page-background-enabled":"default","ast-page-background-meta":{"desktop":{"background-color":"var(--ast-global-color-4)","background-image":"","background-repeat":"repeat","background-position":"center center","background-size":"auto","background-attachment":"scroll","background-type":"","background-media":"","overlay-type":"","overlay-color":"","overlay-opacity":"","overlay-gradient":""},"tablet":{"background-color":"","background-image":"","background-repeat":"repeat","background-position":"center center","background-size":"auto","background-attachment":"scroll","background-type":"","background-media":"","overlay-type":"","overlay-color":"","overlay-opacity":"","overlay-gradient":""},"mobile":{"background-color":"","background-image":"","background-repeat":"repeat","background-position":"center center","background-size":"auto","background-attachment":"scroll","background-type":"","background-media":"","overlay-type":"","overlay-color":"","overlay-opacity":"","overlay-gradient":""}},"ast-content-background-meta":{"desktop":{"background-color":"var(--ast-global-color-5)","background-image":"","background-repeat":"repeat","background-position":"center center","background-size":"auto","background-attachment":"scroll","background-type":"","background-media":"","overlay-type":"","overlay-color":"","overlay-opacity":"","overlay-gradient":""},"tablet":{"background-color":"var(--ast-global-color-5)","background-image":"","background-repeat":"repeat","background-position":"center center","background-size":"auto","background-attachment":"scroll","background-type":"","background-media":"","overlay-type":"","overlay-color":"","overlay-opacity":"","overlay-gradient":""},"mobile":{"background-color":"var(--ast-global-color-5)","background-image":"","background-repeat":"repeat","background-position":"center center","background-size":"auto","background-attachment":"scroll","background-type":"","background-media":"","overlay-type":"","overlay-color":"","overlay-opacity":"","overlay-gradient":""}}},"product_brand":[],"product_cat":[22,63],"product_tag":[49,64,65],"class_list":{"0":"post-1350","1":"product","2":"type-product","3":"status-publish","4":"has-post-thumbnail","6":"product_cat-irtomatot","7":"product_cat-puuvillamatot","8":"product_tag-irtomatto","9":"product_tag-puuvillamatto","10":"product_tag-rasymatto","11":"desktop-align-left","12":"tablet-align-left","13":"mobile-align-left","15":"first","16":"instock","17":"shipping-taxable","18":"product-type-simple"},"jetpack_sharing_enabled":true,"_links":{"self":[{"href":"https:\/\/mattojulin.fi\/etusivu\/wp-json\/wp\/v2\/product\/1350","targetHints":{"allow":["GET"]}}],"collection":[{"href":"https:\/\/mattojulin.fi\/etusivu\/wp-json\/wp\/v2\/product"}],"about":[{"href":"https:\/\/mattojulin.fi\/etusivu\/wp-json\/wp\/v2\/types\/product"}],"version-history":[{"count":1,"href":"https:\/\/mattojulin.fi\/etusivu\/wp-json\/wp\/v2\/product\/1350\/revisions"}],"predecessor-version":[{"id":1351,"href":"https:\/\/mattojulin.fi\/etusivu\/wp-json\/wp\/v2\/product\/1350\/revisions\/1351"}],"wp:featuredmedia":[{"embeddable":true,"href":"https:\/\/mattojulin.fi\/etusivu\/wp-json\/wp\/v2\/media\/1345"}],"wp:attachment":[{"href":"https:\/\/mattojulin.fi\/etusivu\/wp-json\/wp\/v2\/media?parent=1350"}],"wp:term":[{"taxonomy":"product_brand","embeddable":true,"href":"https:\/\/mattojulin.fi\/etusivu\/wp-json\/wp\/v2\/product_brand?post=1350"},{"taxonomy":"product_cat","embeddable":true,"href":"https:\/\/mattojulin.fi\/etusivu\/wp-json\/wp\/v2\/product_cat?post=1350"},{"taxonomy":"product_tag","embeddable":true,"href":"https:\/\/mattojulin.fi\/etusivu\/wp-json\/wp\/v2\/product_tag?post=1350"}],"curies":[{"name":"wp","href":"https:\/\/api.w.org\/{rel}","templated":true}]}}