{"id":1079,"date":"2023-12-21T16:59:57","date_gmt":"2023-12-21T14:59:57","guid":{"rendered":"https:\/\/mattojulin.fi\/etusivu\/?post_type=product&#038;p=1079"},"modified":"2024-01-23T19:55:31","modified_gmt":"2024-01-23T17:55:31","slug":"iconik-texstyle-fumed-oak-soft-beige","status":"publish","type":"product","link":"https:\/\/mattojulin.fi\/etusivu\/tuote\/iconik-texstyle-fumed-oak-soft-beige\/","title":{"rendered":"Iconik Texstyle Fumed Oak Soft Beige"},"content":{"rendered":"<p>Helppohoitoinen, kest\u00e4v\u00e4 muovimatto jossa on \u00e4\u00e4nt\u00e4 vaimentava tekstiilipohja. Soveltuu mainiosti niin eteiseen, keitti\u00f6\u00f6n kuin lastenhuoneeseen tai olohuoneeseen. Soveltuu erinomaisesti my\u00f6s irtoasennettavaksi (max 50 m2 alueelle)<\/p>\n<ul>\n<li>Saatavilla olevat leveydet: 2, 3 ja 4 metri\u00e4<\/li>\n<li>Ftalaatiton ja v\u00e4h\u00e4p\u00e4\u00e4st\u00f6inen<\/li>\n<li>K\u00e4ytt\u00f6luokka: 23 Kova<\/li>\n<li>K\u00e4ytt\u00f6luokka julkisessa k\u00e4yt\u00f6ss\u00e4: 32 Normaali<\/li>\n<li>K\u00e4ytt\u00f6luokka teollisessa k\u00e4yt\u00f6ss\u00e4: 41 Kohtalainen<\/li>\n<li>Kokonaispaksuus 2,80 mm<\/li>\n<li>Kulutuskerroksen paksuus: 0,35 mm<\/li>\n<li>Paino: 1760 g\/m2<\/li>\n<li>Askel\u00e4\u00e4nen parannusarvo: 19 dB<\/li>\n<li><span style=\"font-size: 16px;\">Pintak\u00e4sittely: X-treme<\/span><\/li>\n<li>Takuu kotik\u00e4yt\u00f6ss\u00e4: 15 vuotta<\/li>\n<li>Lattial\u00e4mmitys: Soveltuu korkeintaan 27\u00b0C<\/li>\n<\/ul>\n<p><img data-recalc-dims=\"1\" decoding=\"async\" class=\"alignnone wp-image-970 size-medium\" src=\"https:\/\/i0.wp.com\/mattojulin.fi\/wp-content\/uploads\/2023\/12\/Tarkett_Logo_blue_TK_00128.jpg?resize=300%2C137&#038;ssl=1\" alt=\"\" width=\"300\" height=\"137\" srcset=\"https:\/\/i0.wp.com\/mattojulin.fi\/wp-content\/uploads\/2023\/12\/Tarkett_Logo_blue_TK_00128.jpg?resize=300%2C137&amp;ssl=1 300w, https:\/\/i0.wp.com\/mattojulin.fi\/wp-content\/uploads\/2023\/12\/Tarkett_Logo_blue_TK_00128.jpg?resize=768%2C352&amp;ssl=1 768w, https:\/\/i0.wp.com\/mattojulin.fi\/wp-content\/uploads\/2023\/12\/Tarkett_Logo_blue_TK_00128.jpg?resize=600%2C275&amp;ssl=1 600w, https:\/\/i0.wp.com\/mattojulin.fi\/wp-content\/uploads\/2023\/12\/Tarkett_Logo_blue_TK_00128.jpg?w=978&amp;ssl=1 978w\" sizes=\"(max-width: 300px) 100vw, 300px\" \/><\/p>\n","protected":false},"excerpt":{"rendered":"<p>Helppohoitoinen, kest\u00e4v\u00e4 muovimatto jossa on \u00e4\u00e4nt\u00e4 vaimentava tekstiilipohja. Soveltuu mainiosti niin eteiseen, keitti\u00f6\u00f6n kuin lastenhuoneeseen tai olohuoneeseen. Soveltuu erinomaisesti my\u00f6s irtoasennettavaksi (max 50 m2 alueelle) Saatavilla olevat leveydet: 2, 3 ja 4 metri\u00e4 Ftalaatiton ja v\u00e4h\u00e4p\u00e4\u00e4st\u00f6inen K\u00e4ytt\u00f6luokka: 23 Kova K\u00e4ytt\u00f6luokka julkisessa k\u00e4yt\u00f6ss\u00e4: 32 Normaali K\u00e4ytt\u00f6luokka teollisessa k\u00e4yt\u00f6ss\u00e4: 41 Kohtalainen Kokonaispaksuus 2,80 mm Kulutuskerroksen paksuus: 0,35 [&hellip;]<\/p>\n","protected":false},"featured_media":1043,"template":"","meta":{"site-sidebar-layout":"default","site-content-layout":"","ast-site-content-layout":"default","site-content-style":"default","site-sidebar-style":"default","ast-global-header-display":"","ast-banner-title-visibility":"","ast-main-header-display":"","ast-hfb-above-header-display":"","ast-hfb-below-header-display":"","ast-hfb-mobile-header-display":"","site-post-title":"","ast-breadcrumbs-content":"","ast-featured-img":"","footer-sml-layout":"","ast-disable-related-posts":"","theme-transparent-header-meta":"default","adv-header-id-meta":"","stick-header-meta":"","header-above-stick-meta":"","header-main-stick-meta":"","header-below-stick-meta":"","astra-migrate-meta-layouts":"set","ast-page-background-enabled":"default","ast-page-background-meta":{"desktop":{"background-color":"var(--ast-global-color-4)","background-image":"","background-repeat":"repeat","background-position":"center center","background-size":"auto","background-attachment":"scroll","background-type":"","background-media":"","overlay-type":"","overlay-color":"","overlay-opacity":"","overlay-gradient":""},"tablet":{"background-color":"","background-image":"","background-repeat":"repeat","background-position":"center center","background-size":"auto","background-attachment":"scroll","background-type":"","background-media":"","overlay-type":"","overlay-color":"","overlay-opacity":"","overlay-gradient":""},"mobile":{"background-color":"","background-image":"","background-repeat":"repeat","background-position":"center center","background-size":"auto","background-attachment":"scroll","background-type":"","background-media":"","overlay-type":"","overlay-color":"","overlay-opacity":"","overlay-gradient":""}},"ast-content-background-meta":{"desktop":{"background-color":"var(--ast-global-color-5)","background-image":"","background-repeat":"repeat","background-position":"center center","background-size":"auto","background-attachment":"scroll","background-type":"","background-media":"","overlay-type":"","overlay-color":"","overlay-opacity":"","overlay-gradient":""},"tablet":{"background-color":"var(--ast-global-color-5)","background-image":"","background-repeat":"repeat","background-position":"center center","background-size":"auto","background-attachment":"scroll","background-type":"","background-media":"","overlay-type":"","overlay-color":"","overlay-opacity":"","overlay-gradient":""},"mobile":{"background-color":"var(--ast-global-color-5)","background-image":"","background-repeat":"repeat","background-position":"center center","background-size":"auto","background-attachment":"scroll","background-type":"","background-media":"","overlay-type":"","overlay-color":"","overlay-opacity":"","overlay-gradient":""}}},"product_brand":[],"product_cat":[24,32,57],"product_tag":[55,60,61,56],"class_list":{"0":"post-1079","1":"product","2":"type-product","3":"status-publish","4":"has-post-thumbnail","6":"product_cat-lattiapaallysteet","7":"product_cat-muovimatot","8":"product_cat-tarkett-iconik-texstyle","9":"product_tag-muovimatto","10":"product_tag-tarkett","11":"product_tag-texstyle","12":"product_tag-vinyylimatto","13":"desktop-align-left","14":"tablet-align-left","15":"mobile-align-left","17":"first","18":"instock","19":"shipping-taxable","20":"product-type-simple"},"jetpack_sharing_enabled":true,"_links":{"self":[{"href":"https:\/\/mattojulin.fi\/etusivu\/wp-json\/wp\/v2\/product\/1079","targetHints":{"allow":["GET"]}}],"collection":[{"href":"https:\/\/mattojulin.fi\/etusivu\/wp-json\/wp\/v2\/product"}],"about":[{"href":"https:\/\/mattojulin.fi\/etusivu\/wp-json\/wp\/v2\/types\/product"}],"version-history":[{"count":1,"href":"https:\/\/mattojulin.fi\/etusivu\/wp-json\/wp\/v2\/product\/1079\/revisions"}],"predecessor-version":[{"id":1080,"href":"https:\/\/mattojulin.fi\/etusivu\/wp-json\/wp\/v2\/product\/1079\/revisions\/1080"}],"wp:featuredmedia":[{"embeddable":true,"href":"https:\/\/mattojulin.fi\/etusivu\/wp-json\/wp\/v2\/media\/1043"}],"wp:attachment":[{"href":"https:\/\/mattojulin.fi\/etusivu\/wp-json\/wp\/v2\/media?parent=1079"}],"wp:term":[{"taxonomy":"product_brand","embeddable":true,"href":"https:\/\/mattojulin.fi\/etusivu\/wp-json\/wp\/v2\/product_brand?post=1079"},{"taxonomy":"product_cat","embeddable":true,"href":"https:\/\/mattojulin.fi\/etusivu\/wp-json\/wp\/v2\/product_cat?post=1079"},{"taxonomy":"product_tag","embeddable":true,"href":"https:\/\/mattojulin.fi\/etusivu\/wp-json\/wp\/v2\/product_tag?post=1079"}],"curies":[{"name":"wp","href":"https:\/\/api.w.org\/{rel}","templated":true}]}}